{"id":2174,"date":"2022-05-29T14:06:06","date_gmt":"2022-05-29T12:06:06","guid":{"rendered":"http:\/\/herby-industrie.fr\/?page_id=2174"},"modified":"2026-03-10T18:07:23","modified_gmt":"2026-03-10T17:07:23","slug":"mentions-legales","status":"publish","type":"page","link":"https:\/\/herby-industrie.fr\/en\/mentions-legales\/","title":{"rendered":"Mentions l\u00e9gales"},"content":{"rendered":"<div data-elementor-type=\"wp-page\" data-elementor-id=\"2174\" class=\"elementor elementor-2174\">\n\t\t\t\t\t\t<header class=\"elementor-section elementor-top-section elementor-element elementor-element-af1443b elementor-section-boxed elementor-section-height-default elementor-section-height-default\" data-id=\"af1443b\" data-element_type=\"section\" data-e-type=\"section\" data-settings=\"{&quot;background_background&quot;:&quot;classic&quot;}\">\n\t\t\t\t\t\t\t<div class=\"elementor-background-overlay\"><\/div>\n\t\t\t\t\t\t\t<div class=\"elementor-container elementor-column-gap-no\">\n\t\t\t\t\t<div class=\"elementor-column elementor-col-100 elementor-top-column elementor-element elementor-element-e79ee0c\" data-id=\"e79ee0c\" data-element_type=\"column\" data-e-type=\"column\">\n\t\t\t<div class=\"elementor-widget-wrap elementor-element-populated\">\n\t\t\t\t\t\t<div class=\"elementor-element elementor-element-1e5de5f elementor-widget elementor-widget-heading\" data-id=\"1e5de5f\" data-element_type=\"widget\" data-e-type=\"widget\" data-widget_type=\"heading.default\">\n\t\t\t\t<div class=\"elementor-widget-container\">\n\t\t\t\t\t<h2 class=\"elementor-heading-title elementor-size-default\">Mentions l\u00e9gales<\/h2>\t\t\t\t<\/div>\n\t\t\t\t<\/div>\n\t\t\t\t<div class=\"elementor-element elementor-element-ba326b8 animated-slow elementor-widget-divider--view-line elementor-invisible elementor-widget elementor-widget-divider\" data-id=\"ba326b8\" data-element_type=\"widget\" data-e-type=\"widget\" data-settings=\"{&quot;_animation&quot;:&quot;zoomIn&quot;}\" data-widget_type=\"divider.default\">\n\t\t\t\t<div class=\"elementor-widget-container\">\n\t\t\t\t\t\t\t<div class=\"elementor-divider\">\n\t\t\t<span class=\"elementor-divider-separator\">\n\t\t\t\t\t\t<\/span>\n\t\t<\/div>\n\t\t\t\t\t\t<\/div>\n\t\t\t\t<\/div>\n\t\t\t\t<div class=\"elementor-element elementor-element-92bc363 e-transform elementor-view-default elementor-widget elementor-widget-icon\" data-id=\"92bc363\" data-element_type=\"widget\" data-e-type=\"widget\" data-settings=\"{&quot;_transform_translateY_effect_hover&quot;:{&quot;unit&quot;:&quot;px&quot;,&quot;size&quot;:10,&quot;sizes&quot;:[]},&quot;_transform_translateX_effect_hover&quot;:{&quot;unit&quot;:&quot;px&quot;,&quot;size&quot;:&quot;&quot;,&quot;sizes&quot;:[]},&quot;_transform_translateX_effect_hover_tablet&quot;:{&quot;unit&quot;:&quot;px&quot;,&quot;size&quot;:&quot;&quot;,&quot;sizes&quot;:[]},&quot;_transform_translateX_effect_hover_mobile&quot;:{&quot;unit&quot;:&quot;px&quot;,&quot;size&quot;:&quot;&quot;,&quot;sizes&quot;:[]},&quot;_transform_translateY_effect_hover_tablet&quot;:{&quot;unit&quot;:&quot;px&quot;,&quot;size&quot;:&quot;&quot;,&quot;sizes&quot;:[]},&quot;_transform_translateY_effect_hover_mobile&quot;:{&quot;unit&quot;:&quot;px&quot;,&quot;size&quot;:&quot;&quot;,&quot;sizes&quot;:[]}}\" data-widget_type=\"icon.default\">\n\t\t\t\t<div class=\"elementor-widget-container\">\n\t\t\t\t\t\t\t<div class=\"elementor-icon-wrapper\">\n\t\t\t<a class=\"elementor-icon elementor-animation-push\" href=\"#maitrise\">\n\t\t\t<svg xmlns=\"http:\/\/www.w3.org\/2000\/svg\" viewbox=\"0 0 2048 2048\"><path d=\"M6.125 1088h1797.89l-402.976 403 89.994 90L2048 1024l-556.966-557-89.994 90 402.976 403H6.125v128z\"><\/path><\/svg>\t\t\t<\/a>\n\t\t<\/div>\n\t\t\t\t\t\t<\/div>\n\t\t\t\t<\/div>\n\t\t\t\t\t<\/div>\n\t\t<\/div>\n\t\t\t\t\t<\/div>\n\t\t<\/header>\n\t\t\t\t<section class=\"elementor-section elementor-top-section elementor-element elementor-element-7138ddf elementor-section-boxed elementor-section-height-default elementor-section-height-default\" data-id=\"7138ddf\" data-element_type=\"section\" data-e-type=\"section\">\n\t\t\t\t\t\t<div class=\"elementor-container elementor-column-gap-default\">\n\t\t\t\t\t<div class=\"elementor-column elementor-col-100 elementor-top-column elementor-element elementor-element-222de48\" data-id=\"222de48\" data-element_type=\"column\" data-e-type=\"column\">\n\t\t\t<div class=\"elementor-widget-wrap elementor-element-populated\">\n\t\t\t\t\t\t<div class=\"elementor-element elementor-element-eabf7f6 elementor-widget elementor-widget-text-editor\" data-id=\"eabf7f6\" data-element_type=\"widget\" data-e-type=\"widget\" data-widget_type=\"text-editor.default\">\n\t\t\t\t<div class=\"elementor-widget-container\">\n\t\t\t\t\t\t\t\t\t<p>Dans une volont\u00e9 de transparence avec ses clients, la soci\u00e9t\u00e9 Herby a mis en place une politique reprenant l&rsquo;ensemble des traitements automatis\u00e9s des donn\u00e9es sur ce site et les finalit\u00e9s poursuivies, afin de garantir aux individus leur possibilit\u00e9 d&rsquo;exercer leurs droits \u00e0 l&rsquo;\u00e9gard de leurs donn\u00e9es.<\/p><p>Pour toute information compl\u00e9mentaire sur la protection des donn\u00e9es personnelles, nous vous invitons \u00e0 consulter le site <a href=\"https:\/\/www.cnil.fr\/\" target=\"_blank\" rel=\"noopener\">https:\/\/www.cnil.fr\/<\/a>\u00a0<\/p><p>La poursuite de la navigation sur ce site vaut acceptation sans r\u00e9serve des dispositions et conditions d&rsquo;utilisation qui suivent.<\/p><h4>Article 1 &#8211; Mentions l\u00e9gales<\/h4><p><b>Site<\/b> &#8211; ci-apr\u00e8s \u00ab\u00a0le site\u00a0\u00bb :<br \/><a href=\"https:\/\/herby-industrie.fr\/en\/\">https:\/\/herby-industrie.fr\/<\/a><\/p><p><b>\u00c9diteur<\/b> &#8211; ci-apr\u00e8s \u00ab\u00a0l&rsquo;\u00e9diteur\u00a0\u00bb :<br \/>Herby Industrie, SA au capital de 991 882,09\u20ac dont le si\u00e8ge social est situ\u00e9 : Zone Industrielle, 28240 La Loupe, France,\u00a0 immatricul\u00e9e au RCS de Chartres, sous le num\u00e9ro SIRET : 32878117400037<br \/>num\u00e9ro de t\u00e9l\u00e9phone : 02 37 81 18 91<br \/>adresse email : <a href=\"mailto:info@herby.fr\">info@herby.fr<\/a><\/p><p><b>H\u00e9bergeur<\/b> &#8211; ci-apr\u00e8s \u201cl\u2019h\u00e9bergeur\u201d :<br \/>Le site est h\u00e9berg\u00e9 par IONOS, dont le si\u00e8ge social est situ\u00e9 :\u00a0\u00a0\u00a0\u00a0\u00a0\u00a0\u00a0\u00a0<br \/>7, place de la Gare\u00a0\u00a0\u00a0\u00a0\u00a0\u00a0\u00a0\u00a0\u00a0\u00a0\u00a0\u00a0\u00a0\u00a0\u00a0\u00a0\u00a0<br \/>BP 70109<br \/>57200 Sarreguemines\u00a0<br \/><a href=\"mailto:info@ionos.fr\">info@ionos.fr<\/a><\/p><h4>Article 2 &#8211; Contenu du site<\/h4><p>Toutes les marques, photographies, textes, illustrations, images anim\u00e9es ou non, ainsi que toutes les applications informatiques qui sont utilis\u00e9es pour faire fonctionner ce site, sont prot\u00e9g\u00e9s par les lois en vigueur au titre de la propri\u00e9t\u00e9 intellectuelle. <br \/>Ils sont la propri\u00e9t\u00e9 pleine et enti\u00e8re de l&rsquo;\u00e9diteur ou de ses partenaires, sauf mention contraire.<\/p><p>Toute reproduction, utilisation ou adaptation, sous quelque forme que ce soit, de tout ou partie de ces \u00e9l\u00e9ments, y compris les applications informatiques, sans l&rsquo;accord pr\u00e9alable et \u00e9crit de l&rsquo;\u00e9diteur, est strictement interdite. <br \/>Le fait pour l&rsquo;\u00e9diteur de ne pas engager de proc\u00e9dure d\u00e8s la prise de connaissance de ces utilisations non autoris\u00e9es ne vaut pas acceptation desdites utilisations et renonciation aux poursuites.<\/p><h4>Article 3 &#8211; Responsabilit\u00e9s<\/h4><p>La responsabilit\u00e9 de l&rsquo;\u00e9diteur ne peut \u00eatre engag\u00e9e en cas de d\u00e9faillance, panne, difficult\u00e9 ou interruption de fonctionnement emp\u00eachant l&rsquo;acc\u00e8s au site ou \u00e0 une de ses fonctionnalit\u00e9s.<\/p><p>Le mat\u00e9riel de connexion au site que vous utilisez est sous votre enti\u00e8re responsabilit\u00e9. Vous devez prendre toutes les mesures appropri\u00e9es pour prot\u00e9ger votre mat\u00e9riel et vos propres donn\u00e9es, notamment d&rsquo;attaques virales par Internet. Vous \u00eates par ailleurs seul responsable des sites et donn\u00e9es que vous consultez.<\/p><p>L&rsquo;\u00e9diteur n&rsquo;est pas responsable des dommages caus\u00e9s \u00e0 vous-m\u00eame, \u00e0 des tiers et\/ou \u00e0 votre \u00e9quipement du fait de votre connexion ou de votre utilisation du site et vous renoncez \u00e0 toute action contre lui de ce fait.<\/p><h4>Article 4 &#8211; Liens hypertextes<\/h4><p>Toute information accessible via un lien vers d&rsquo;autres sites n&rsquo;est pas publi\u00e9e par l&rsquo;\u00e9diteur. L&rsquo;\u00e9diteur ne dispose d&rsquo;aucun droit sur le contenu pr\u00e9sent dans ledit lien.<\/p><h4>Article 5 &#8211; Collecte de donn\u00e9es, droit d&rsquo;acc\u00e8s, de rectification et de d\u00e9r\u00e9f\u00e9rencement de vos donn\u00e9es<\/h4><p>Les informations personnelles recueillies sur le site sont utilis\u00e9es par l&rsquo;\u00e9diteur pour la gestion de ses relations avec vous.<\/p><p>Les donn\u00e9es personnelles collect\u00e9es sont les suivantes : nom, nom de l\u2019entreprise, adresse email<\/p><p>Les utilisateurs disposent des droits suivants :<\/p><p>&#8211; Droit d&rsquo;acc\u00e8s : ils peuvent exercer leur droit d&rsquo;acc\u00e8s pour conna\u00eetre les donn\u00e9es personnelles les concernant, en \u00e9crivant \u00e0 l&rsquo;adresse \u00e9lectronique de l&rsquo;\u00e9diteur. Dans ce cas, l&rsquo;\u00e9diteur peut demander une preuve de l&rsquo;identit\u00e9 de l&rsquo;utilisateur afin d&rsquo;en v\u00e9rifier l&rsquo;exactitude.<\/p><p>&#8211; Droit de rectification : si les donn\u00e9es d\u00e9tenues par l&rsquo;\u00e9diteur sont inexactes, ils peuvent demander la mise \u00e0 jour des informations.<\/p><p>&#8211; Droit de suppression des donn\u00e9es : les utilisateurs peuvent demander la suppression de leurs donn\u00e9es \u00e0 caract\u00e8re personnel.<\/p><p>&#8211; Droit \u00e0 la limitation du traitement : les utilisateurs peuvent demander \u00e0 l&rsquo;\u00e9diteur de limiter le traitement des donn\u00e9es personnelles conform\u00e9ment aux hypoth\u00e8ses pr\u00e9vues par le RGPD.<\/p><p>&#8211; Droit de s&rsquo;opposer au traitement des donn\u00e9es : les utilisateurs peuvent s&rsquo;opposer \u00e0 ce que leurs donn\u00e9es soient trait\u00e9es conform\u00e9ment aux hypoth\u00e8ses pr\u00e9vues par le RGPD.<\/p><p>&#8211; Droit \u00e0 la portabilit\u00e9 : ils peuvent r\u00e9clamer que l&rsquo;\u00e9diteur leur remette les donn\u00e9es personnelles qu&rsquo;ils ont fourni (en vue d&rsquo;une utilisation sur un autre site).<\/p><p>Vous pouvez exercer ce droit en nous contactant par email : <a href=\"mailto:info@herby.fr\">info@herby.fr<\/a><\/p><p>Toute demande doit \u00eatre accompagn\u00e9e de la photocopie d&rsquo;un titre d&rsquo;identit\u00e9 en cours de validit\u00e9 sign\u00e9 et faire mention de l&rsquo;adresse \u00e0 laquelle l&rsquo;\u00e9diteur pourra contacter le demandeur. <br \/>La r\u00e9ponse sera adress\u00e9e dans le mois suivant la r\u00e9ception de la demande, sauf si les circonstances exigent une prolongation de ce d\u00e9lai (complexit\u00e9 de la demande, &#8230;).<\/p><h4>Article 6 &#8211; Utilisation des donn\u00e9es<\/h4><p>Les donn\u00e9es personnelles collect\u00e9es aupr\u00e8s des utilisateurs ont pour objectif la mise \u00e0 disposition des services du site. <br \/>La base l\u00e9gale des traitements est l&rsquo;ex\u00e9cution du contrat entre l&rsquo;utilisateur et le site, en particulier :<\/p><p>&#8211; Prise de contact pour \u00e9tablir un devis, envoyer des renseignements, r\u00e9pondre \u00e0 des questions, de la part des utilisateurs.<\/p><h4>Article 7 &#8211; Politique de conservation des donn\u00e9es<\/h4><p>L&rsquo;\u00e9diteur conserve vos donn\u00e9es pendant la dur\u00e9e n\u00e9cessaire pour vous fournir le service ou son assistance.<\/p><h4>Article 8 &#8211; Partage de vos donn\u00e9es personnelles avec des tiers<\/h4><p>L&rsquo;\u00e9diteur ne partage pas vos donn\u00e9es personnelles avec des tiers, sauf si la loi l&rsquo;exige. <br \/>Dans ce cas, l&rsquo;\u00e9diteur pourra \u00eatre amen\u00e9 \u00e0 effectuer une transmission de donn\u00e9es pour donner suite aux r\u00e9clamations pr\u00e9sent\u00e9es contre le site et se conformer aux proc\u00e9dures administratives et judiciaires.<\/p><h4>Article 9 &#8211; Cookies<\/h4><p>En naviguant sur ce site, des \u00ab\u00a0cookies\u00a0\u00bb pourront \u00eatre d\u00e9pos\u00e9s sur votre terminal, uniquement afin d&rsquo;offrir un service de navigation optimal aux utilisateurs.<br \/>La poursuite de la navigation vaut acceptation de l&rsquo;utilisation desdits cookies. <br \/>Le consentement donn\u00e9 sera valable pour une dur\u00e9e r\u00e9duite (le temps de la visite sur le site). <br \/>L&rsquo;utilisateur a la possibilit\u00e9 de d\u00e9sactiver les cookies \u00e0 partir des param\u00e8tres de son navigateur.<\/p><h4>Article 10 &#8211; Photographies et pr\u00e9sentation des produits<\/h4><p>Les photographies de produits, accompagnant leur description, ne sont pas contractuelles et n&rsquo;engagent pas l&rsquo;\u00e9diteur.<\/p><h4>Article 11 &#8211; Loi applicable<\/h4><p>Les pr\u00e9sentes conditions d&rsquo;utilisation du site sont r\u00e9gies par la loi fran\u00e7aise et soumises \u00e0 la comp\u00e9tence des tribunaux du si\u00e8ge social de l&rsquo;\u00e9diteur, sous r\u00e9serve d&rsquo;une attribution de comp\u00e9tence sp\u00e9cifique d\u00e9coulant d&rsquo;un texte de loi ou r\u00e9glementaire particulier.<\/p>\t\t\t\t\t\t\t\t<\/div>\n\t\t\t\t<\/div>\n\t\t\t\t\t<\/div>\n\t\t<\/div>\n\t\t\t\t\t<\/div>\n\t\t<\/section>\n\t\t\t\t<\/div>","protected":false},"excerpt":{"rendered":"<p>Mentions l\u00e9gales Dans une volont\u00e9 de transparence avec ses clients, la soci\u00e9t\u00e9 Herby a mis en place une politique reprenant l&rsquo;ensemble des traitements automatis\u00e9s des donn\u00e9es sur ce site et les finalit\u00e9s poursuivies, afin de garantir aux individus leur possibilit\u00e9 d&rsquo;exercer leurs droits \u00e0 l&rsquo;\u00e9gard de leurs donn\u00e9es. Pour toute information compl\u00e9mentaire sur la protection &hellip;<\/p>\n<p class=\"read-more\"> <a class=\"\" href=\"https:\/\/herby-industrie.fr\/en\/mentions-legales\/\"> <span class=\"screen-reader-text\">Mentions l\u00e9gales<\/span> Read More &raquo;<\/a><\/p>","protected":false},"author":2,"featured_media":0,"parent":0,"menu_order":0,"comment_status":"closed","ping_status":"closed","template":"","meta":{"site-sidebar-layout":"no-sidebar","site-content-layout":"page-builder","ast-global-header-display":"","ast-main-header-display":"","ast-hfb-above-header-display":"","ast-hfb-below-header-display":"","ast-hfb-mobile-header-display":"","site-post-title":"disabled","ast-breadcrumbs-content":"","ast-featured-img":"disabled","footer-sml-layout":"","theme-transparent-header-meta":"","adv-header-id-meta":"","stick-header-meta":"","header-above-stick-meta":"","header-main-stick-meta":"","header-below-stick-meta":"","footnotes":""},"class_list":["post-2174","page","type-page","status-publish","hentry"],"_links":{"self":[{"href":"https:\/\/herby-industrie.fr\/en\/wp-json\/wp\/v2\/pages\/2174","targetHints":{"allow":["GET"]}}],"collection":[{"href":"https:\/\/herby-industrie.fr\/en\/wp-json\/wp\/v2\/pages"}],"about":[{"href":"https:\/\/herby-industrie.fr\/en\/wp-json\/wp\/v2\/types\/page"}],"author":[{"embeddable":true,"href":"https:\/\/herby-industrie.fr\/en\/wp-json\/wp\/v2\/users\/2"}],"replies":[{"embeddable":true,"href":"https:\/\/herby-industrie.fr\/en\/wp-json\/wp\/v2\/comments?post=2174"}],"version-history":[{"count":0,"href":"https:\/\/herby-industrie.fr\/en\/wp-json\/wp\/v2\/pages\/2174\/revisions"}],"wp:attachment":[{"href":"https:\/\/herby-industrie.fr\/en\/wp-json\/wp\/v2\/media?parent=2174"}],"curies":[{"name":"wp","href":"https:\/\/api.w.org\/{rel}","templated":true}]}}